{"id":137,"date":"2021-03-03T22:00:49","date_gmt":"2021-03-03T22:00:49","guid":{"rendered":"https:\/\/growthcommission.org\/?page_id=137"},"modified":"2021-03-03T22:39:20","modified_gmt":"2021-03-03T22:39:20","slug":"kontakt","status":"publish","type":"page","link":"https:\/\/growthcommission.org\/sv\/kontakt\/","title":{"rendered":"Kontakt"},"content":{"rendered":"<h2>Kontakta nyhetsredaktionen<\/h2>\n<h3>Nyheter eller tips p\u00e5 artiklar<\/h3>\n<p>Skicka dina artiklar eller tips till Growth Commission p\u00e5 contact@growthcommission.org Vi \u00e4r \u00e4ven \u00f6ppna f\u00f6r f\u00f6rslag p\u00e5 teman och s\u00e4rskilt redaktionellt inneh\u00e5ll.<\/p>\n<h3>Kundtj\u00e4nst<\/h3>\n<p>Skicka mail till contact@growthcommission.org f\u00f6r att komma i kontakt med kundtj\u00e4nsten. Uppge \u00e4rende och gl\u00f6m inte att l\u00e4mna dina kontaktuppgifter.<\/p>\n<p>&nbsp;<\/p>\n","protected":false},"excerpt":{"rendered":"<p>Kontakta nyhetsredaktionen Nyheter eller tips p\u00e5 artiklar Skicka dina artiklar eller tips till Growth Commission p\u00e5 contact@growthcommission.org Vi \u00e4r \u00e4ven \u00f6ppna f\u00f6r f\u00f6rslag p\u00e5 teman och s\u00e4rskilt redaktionellt inneh\u00e5ll. Kundtj\u00e4nst&hellip; <\/p>\n","protected":false},"author":1,"featured_media":0,"parent":0,"menu_order":0,"comment_status":"closed","ping_status":"closed","template":"","meta":{"footnotes":""},"class_list":["post-137","page","type-page","status-publish","hentry"],"yoast_head":"<!-- This site is optimized with the Yoast SEO plugin v27.6 - https:\/\/yoast.com\/product\/yoast-seo-wordpress\/ -->\n<title>Kontakt - Tips och mail - Growth Commission News Group<\/title>\n<meta name=\"description\" content=\"Kontaktuppgifter till Growth Commission. L\u00e4mna tips, egna artiklar eller \u00f6nskem\u00e5l om teman. Du kan alltid vara anonym.\" \/>\n<meta name=\"robots\" content=\"index, follow, max-snippet:-1, max-image-preview:large, max-video-preview:-1\" \/>\n<link rel=\"canonical\" href=\"https:\/\/growthcommission.org\/sv\/kontakt\/\" \/>\n<meta property=\"og:locale\" content=\"sv_SE\" \/>\n<meta property=\"og:type\" content=\"article\" \/>\n<meta property=\"og:title\" content=\"Kontakt - Tips och mail - Growth Commission News Group\" \/>\n<meta property=\"og:description\" content=\"Kontaktuppgifter till Growth Commission. L\u00e4mna tips, egna artiklar eller \u00f6nskem\u00e5l om teman. Du kan alltid vara anonym.\" \/>\n<meta property=\"og:url\" content=\"https:\/\/growthcommission.org\/sv\/kontakt\/\" \/>\n<meta property=\"og:site_name\" content=\"Growth Commission\" \/>\n<meta property=\"article:modified_time\" content=\"2021-03-03T22:39:20+00:00\" \/>\n<meta name=\"twitter:card\" content=\"summary_large_image\" \/>\n<meta name=\"twitter:label1\" content=\"Ber\u00e4knad l\u00e4stid\" \/>\n\t<meta name=\"twitter:data1\" content=\"1 minut\" \/>\n<script type=\"application\/ld+json\" class=\"yoast-schema-graph\">{\"@context\":\"https:\\\/\\\/schema.org\",\"@graph\":[{\"@type\":\"WebPage\",\"@id\":\"https:\\\/\\\/growthcommission.org\\\/sv\\\/kontakt\\\/\",\"url\":\"https:\\\/\\\/growthcommission.org\\\/sv\\\/kontakt\\\/\",\"name\":\"Kontakt - Tips och mail - Growth Commission News Group\",\"isPartOf\":{\"@id\":\"https:\\\/\\\/growthcommission.org\\\/sv\\\/#website\"},\"datePublished\":\"2021-03-03T22:00:49+00:00\",\"dateModified\":\"2021-03-03T22:39:20+00:00\",\"description\":\"Kontaktuppgifter till Growth Commission. L\u00e4mna tips, egna artiklar eller \u00f6nskem\u00e5l om teman. Du kan alltid vara anonym.\",\"breadcrumb\":{\"@id\":\"https:\\\/\\\/growthcommission.org\\\/sv\\\/kontakt\\\/#breadcrumb\"},\"inLanguage\":\"sv-SE\",\"potentialAction\":[{\"@type\":\"ReadAction\",\"target\":[\"https:\\\/\\\/growthcommission.org\\\/sv\\\/kontakt\\\/\"]}]},{\"@type\":\"BreadcrumbList\",\"@id\":\"https:\\\/\\\/growthcommission.org\\\/sv\\\/kontakt\\\/#breadcrumb\",\"itemListElement\":[{\"@type\":\"ListItem\",\"position\":1,\"name\":\"Home\",\"item\":\"https:\\\/\\\/growthcommission.org\\\/sv\\\/\"},{\"@type\":\"ListItem\",\"position\":2,\"name\":\"Kontakt\"}]},{\"@type\":\"WebSite\",\"@id\":\"https:\\\/\\\/growthcommission.org\\\/sv\\\/#website\",\"url\":\"https:\\\/\\\/growthcommission.org\\\/sv\\\/\",\"name\":\"Growth Commission\",\"description\":\"Latest News &amp; Top Stories\",\"potentialAction\":[{\"@type\":\"SearchAction\",\"target\":{\"@type\":\"EntryPoint\",\"urlTemplate\":\"https:\\\/\\\/growthcommission.org\\\/sv\\\/?s={search_term_string}\"},\"query-input\":{\"@type\":\"PropertyValueSpecification\",\"valueRequired\":true,\"valueName\":\"search_term_string\"}}],\"inLanguage\":\"sv-SE\"}]}<\/script>\n<!-- \/ Yoast SEO plugin. -->","yoast_head_json":{"title":"Kontakt - Tips och mail - Growth Commission News Group","description":"Kontaktuppgifter till Growth Commission. L\u00e4mna tips, egna artiklar eller \u00f6nskem\u00e5l om teman. Du kan alltid vara anonym.","robots":{"index":"index","follow":"follow","max-snippet":"max-snippet:-1","max-image-preview":"max-image-preview:large","max-video-preview":"max-video-preview:-1"},"canonical":"https:\/\/growthcommission.org\/sv\/kontakt\/","og_locale":"sv_SE","og_type":"article","og_title":"Kontakt - Tips och mail - Growth Commission News Group","og_description":"Kontaktuppgifter till Growth Commission. L\u00e4mna tips, egna artiklar eller \u00f6nskem\u00e5l om teman. Du kan alltid vara anonym.","og_url":"https:\/\/growthcommission.org\/sv\/kontakt\/","og_site_name":"Growth Commission","article_modified_time":"2021-03-03T22:39:20+00:00","twitter_card":"summary_large_image","twitter_misc":{"Ber\u00e4knad l\u00e4stid":"1 minut"},"schema":{"@context":"https:\/\/schema.org","@graph":[{"@type":"WebPage","@id":"https:\/\/growthcommission.org\/sv\/kontakt\/","url":"https:\/\/growthcommission.org\/sv\/kontakt\/","name":"Kontakt - Tips och mail - Growth Commission News Group","isPartOf":{"@id":"https:\/\/growthcommission.org\/sv\/#website"},"datePublished":"2021-03-03T22:00:49+00:00","dateModified":"2021-03-03T22:39:20+00:00","description":"Kontaktuppgifter till Growth Commission. L\u00e4mna tips, egna artiklar eller \u00f6nskem\u00e5l om teman. Du kan alltid vara anonym.","breadcrumb":{"@id":"https:\/\/growthcommission.org\/sv\/kontakt\/#breadcrumb"},"inLanguage":"sv-SE","potentialAction":[{"@type":"ReadAction","target":["https:\/\/growthcommission.org\/sv\/kontakt\/"]}]},{"@type":"BreadcrumbList","@id":"https:\/\/growthcommission.org\/sv\/kontakt\/#breadcrumb","itemListElement":[{"@type":"ListItem","position":1,"name":"Home","item":"https:\/\/growthcommission.org\/sv\/"},{"@type":"ListItem","position":2,"name":"Kontakt"}]},{"@type":"WebSite","@id":"https:\/\/growthcommission.org\/sv\/#website","url":"https:\/\/growthcommission.org\/sv\/","name":"Growth Commission","description":"Latest News &amp; Top Stories","potentialAction":[{"@type":"SearchAction","target":{"@type":"EntryPoint","urlTemplate":"https:\/\/growthcommission.org\/sv\/?s={search_term_string}"},"query-input":{"@type":"PropertyValueSpecification","valueRequired":true,"valueName":"search_term_string"}}],"inLanguage":"sv-SE"}]}},"_links":{"self":[{"href":"https:\/\/growthcommission.org\/sv\/wp-json\/wp\/v2\/pages\/137","targetHints":{"allow":["GET"]}}],"collection":[{"href":"https:\/\/growthcommission.org\/sv\/wp-json\/wp\/v2\/pages"}],"about":[{"href":"https:\/\/growthcommission.org\/sv\/wp-json\/wp\/v2\/types\/page"}],"author":[{"embeddable":true,"href":"https:\/\/growthcommission.org\/sv\/wp-json\/wp\/v2\/users\/1"}],"replies":[{"embeddable":true,"href":"https:\/\/growthcommission.org\/sv\/wp-json\/wp\/v2\/comments?post=137"}],"version-history":[{"count":2,"href":"https:\/\/growthcommission.org\/sv\/wp-json\/wp\/v2\/pages\/137\/revisions"}],"predecessor-version":[{"id":144,"href":"https:\/\/growthcommission.org\/sv\/wp-json\/wp\/v2\/pages\/137\/revisions\/144"}],"wp:attachment":[{"href":"https:\/\/growthcommission.org\/sv\/wp-json\/wp\/v2\/media?parent=137"}],"curies":[{"name":"wp","href":"https:\/\/api.w.org\/{rel}","templated":true}]}}