{"id":139,"date":"2021-03-03T22:13:28","date_gmt":"2021-03-03T22:13:28","guid":{"rendered":"https:\/\/growthcommission.org\/?page_id=139"},"modified":"2021-03-03T22:38:49","modified_gmt":"2021-03-03T22:38:49","slug":"cookies","status":"publish","type":"page","link":"https:\/\/growthcommission.org\/sv\/cookies\/","title":{"rendered":"Cookies"},"content":{"rendered":"<h2>Vad \u00e4r cookies?<\/h2>\n<p>Cookies \u00e4r sm\u00e5 datafiler som placeras p\u00e5 din dator n\u00e4r du bes\u00f6ker en hemsida. Syftet \u00e4r att det ska underl\u00e4tta ditt bes\u00f6k p\u00e5 det stora hela. Framf\u00f6r allt d\u00e5 du kommer f\u00e5 en betydligt smidigare anv\u00e4ndarupplevelse.<\/p>\n<p>Cookies samlar information om preferenser p\u00e5 hemsidan, statistik, reklam och s\u00f6kvanor. Det kan \u00e4ven h\u00e4nda att cookies beh\u00f6vs f\u00f6r att kunna navigera p\u00e5 hemsidan. Det som d\u00e4remot inte sparas \u00e4r dina personuppgifter.<\/p>\n<div class=\"wp-block-image\"><\/div>\n<h3>Growth Commission anv\u00e4nder sig av cookies<\/h3>\n<p>F\u00f6r att ditt bes\u00f6k p\u00e5 hemsidan ska bli s\u00e5 smidigt som m\u00f6jligt anv\u00e4nder Growth Commission cookies. Vi sparar, lagrar eller behandlar aldrig n\u00e5gra personuppgifter . Vi delar inte heller s\u00e5dant med tredje part. De cookies som anv\u00e4nds p\u00e5 Growth Commission syftar alla till att underl\u00e4tta ditt bes\u00f6k p\u00e5 sidan och f\u00e5 fram de mest relevanta resultaten f\u00f6r just dig.<\/p>\n<h3>Kan jag ta bort cookies?<\/h3>\n<p>Ja absolut. Vill du inte anv\u00e4nda cookies kan du l\u00e4tt st\u00e4nga av dem i din webbl\u00e4sare. B\u00e5de tillf\u00e4lligt, permanent eller radera dem helt och h\u00e5llet. T\u00e4nk d\u00e4remot p\u00e5 att hemsidan inte kommer vara lika optimerad f\u00f6r dina s\u00f6km\u00f6nster och d\u00e4rmed ge en n\u00e5got s\u00e4mre anv\u00e4ndarupplevelse.<\/p>\n<p>&nbsp;<\/p>\n","protected":false},"excerpt":{"rendered":"<p>Vad \u00e4r cookies? Cookies \u00e4r sm\u00e5 datafiler som placeras p\u00e5 din dator n\u00e4r du bes\u00f6ker en hemsida. Syftet \u00e4r att det ska underl\u00e4tta ditt bes\u00f6k p\u00e5 det stora hela. Framf\u00f6r&hellip; <\/p>\n","protected":false},"author":1,"featured_media":0,"parent":0,"menu_order":0,"comment_status":"closed","ping_status":"closed","template":"","meta":{"footnotes":""},"class_list":["post-139","page","type-page","status-publish","hentry"],"yoast_head":"<!-- This site is optimized with the Yoast SEO plugin v27.4 - https:\/\/yoast.com\/product\/yoast-seo-wordpress\/ -->\n<title>Cookies - Information och inst\u00e4llningar - Growth Commission<\/title>\n<meta name=\"description\" content=\"Inst\u00e4llningar och information om cookies p\u00e5 Growth Commission. Samt information om var du kan st\u00e4nga av dina cookies.\" \/>\n<meta name=\"robots\" content=\"index, follow, max-snippet:-1, max-image-preview:large, max-video-preview:-1\" \/>\n<link rel=\"canonical\" href=\"https:\/\/growthcommission.org\/sv\/cookies\/\" \/>\n<meta property=\"og:locale\" content=\"sv_SE\" \/>\n<meta property=\"og:type\" content=\"article\" \/>\n<meta property=\"og:title\" content=\"Cookies - Information och inst\u00e4llningar - Growth Commission\" \/>\n<meta property=\"og:description\" content=\"Inst\u00e4llningar och information om cookies p\u00e5 Growth Commission. Samt information om var du kan st\u00e4nga av dina cookies.\" \/>\n<meta property=\"og:url\" content=\"https:\/\/growthcommission.org\/sv\/cookies\/\" \/>\n<meta property=\"og:site_name\" content=\"Growth Commission\" \/>\n<meta property=\"article:modified_time\" content=\"2021-03-03T22:38:49+00:00\" \/>\n<meta name=\"twitter:card\" content=\"summary_large_image\" \/>\n<meta name=\"twitter:label1\" content=\"Ber\u00e4knad l\u00e4stid\" \/>\n\t<meta name=\"twitter:data1\" content=\"1 minut\" \/>\n<script type=\"application\/ld+json\" class=\"yoast-schema-graph\">{\"@context\":\"https:\\\/\\\/schema.org\",\"@graph\":[{\"@type\":\"WebPage\",\"@id\":\"https:\\\/\\\/growthcommission.org\\\/sv\\\/cookies\\\/\",\"url\":\"https:\\\/\\\/growthcommission.org\\\/sv\\\/cookies\\\/\",\"name\":\"Cookies - Information och inst\u00e4llningar - Growth Commission\",\"isPartOf\":{\"@id\":\"https:\\\/\\\/growthcommission.org\\\/sv\\\/#website\"},\"datePublished\":\"2021-03-03T22:13:28+00:00\",\"dateModified\":\"2021-03-03T22:38:49+00:00\",\"description\":\"Inst\u00e4llningar och information om cookies p\u00e5 Growth Commission. Samt information om var du kan st\u00e4nga av dina cookies.\",\"breadcrumb\":{\"@id\":\"https:\\\/\\\/growthcommission.org\\\/sv\\\/cookies\\\/#breadcrumb\"},\"inLanguage\":\"sv-SE\",\"potentialAction\":[{\"@type\":\"ReadAction\",\"target\":[\"https:\\\/\\\/growthcommission.org\\\/sv\\\/cookies\\\/\"]}]},{\"@type\":\"BreadcrumbList\",\"@id\":\"https:\\\/\\\/growthcommission.org\\\/sv\\\/cookies\\\/#breadcrumb\",\"itemListElement\":[{\"@type\":\"ListItem\",\"position\":1,\"name\":\"Home\",\"item\":\"https:\\\/\\\/growthcommission.org\\\/sv\\\/\"},{\"@type\":\"ListItem\",\"position\":2,\"name\":\"Cookies\"}]},{\"@type\":\"WebSite\",\"@id\":\"https:\\\/\\\/growthcommission.org\\\/sv\\\/#website\",\"url\":\"https:\\\/\\\/growthcommission.org\\\/sv\\\/\",\"name\":\"Growth Commission\",\"description\":\"Latest News &amp; Top Stories\",\"potentialAction\":[{\"@type\":\"SearchAction\",\"target\":{\"@type\":\"EntryPoint\",\"urlTemplate\":\"https:\\\/\\\/growthcommission.org\\\/sv\\\/?s={search_term_string}\"},\"query-input\":{\"@type\":\"PropertyValueSpecification\",\"valueRequired\":true,\"valueName\":\"search_term_string\"}}],\"inLanguage\":\"sv-SE\"}]}<\/script>\n<!-- \/ Yoast SEO plugin. -->","yoast_head_json":{"title":"Cookies - Information och inst\u00e4llningar - Growth Commission","description":"Inst\u00e4llningar och information om cookies p\u00e5 Growth Commission. Samt information om var du kan st\u00e4nga av dina cookies.","robots":{"index":"index","follow":"follow","max-snippet":"max-snippet:-1","max-image-preview":"max-image-preview:large","max-video-preview":"max-video-preview:-1"},"canonical":"https:\/\/growthcommission.org\/sv\/cookies\/","og_locale":"sv_SE","og_type":"article","og_title":"Cookies - Information och inst\u00e4llningar - Growth Commission","og_description":"Inst\u00e4llningar och information om cookies p\u00e5 Growth Commission. Samt information om var du kan st\u00e4nga av dina cookies.","og_url":"https:\/\/growthcommission.org\/sv\/cookies\/","og_site_name":"Growth Commission","article_modified_time":"2021-03-03T22:38:49+00:00","twitter_card":"summary_large_image","twitter_misc":{"Ber\u00e4knad l\u00e4stid":"1 minut"},"schema":{"@context":"https:\/\/schema.org","@graph":[{"@type":"WebPage","@id":"https:\/\/growthcommission.org\/sv\/cookies\/","url":"https:\/\/growthcommission.org\/sv\/cookies\/","name":"Cookies - Information och inst\u00e4llningar - Growth Commission","isPartOf":{"@id":"https:\/\/growthcommission.org\/sv\/#website"},"datePublished":"2021-03-03T22:13:28+00:00","dateModified":"2021-03-03T22:38:49+00:00","description":"Inst\u00e4llningar och information om cookies p\u00e5 Growth Commission. Samt information om var du kan st\u00e4nga av dina cookies.","breadcrumb":{"@id":"https:\/\/growthcommission.org\/sv\/cookies\/#breadcrumb"},"inLanguage":"sv-SE","potentialAction":[{"@type":"ReadAction","target":["https:\/\/growthcommission.org\/sv\/cookies\/"]}]},{"@type":"BreadcrumbList","@id":"https:\/\/growthcommission.org\/sv\/cookies\/#breadcrumb","itemListElement":[{"@type":"ListItem","position":1,"name":"Home","item":"https:\/\/growthcommission.org\/sv\/"},{"@type":"ListItem","position":2,"name":"Cookies"}]},{"@type":"WebSite","@id":"https:\/\/growthcommission.org\/sv\/#website","url":"https:\/\/growthcommission.org\/sv\/","name":"Growth Commission","description":"Latest News &amp; Top Stories","potentialAction":[{"@type":"SearchAction","target":{"@type":"EntryPoint","urlTemplate":"https:\/\/growthcommission.org\/sv\/?s={search_term_string}"},"query-input":{"@type":"PropertyValueSpecification","valueRequired":true,"valueName":"search_term_string"}}],"inLanguage":"sv-SE"}]}},"_links":{"self":[{"href":"https:\/\/growthcommission.org\/sv\/wp-json\/wp\/v2\/pages\/139","targetHints":{"allow":["GET"]}}],"collection":[{"href":"https:\/\/growthcommission.org\/sv\/wp-json\/wp\/v2\/pages"}],"about":[{"href":"https:\/\/growthcommission.org\/sv\/wp-json\/wp\/v2\/types\/page"}],"author":[{"embeddable":true,"href":"https:\/\/growthcommission.org\/sv\/wp-json\/wp\/v2\/users\/1"}],"replies":[{"embeddable":true,"href":"https:\/\/growthcommission.org\/sv\/wp-json\/wp\/v2\/comments?post=139"}],"version-history":[{"count":2,"href":"https:\/\/growthcommission.org\/sv\/wp-json\/wp\/v2\/pages\/139\/revisions"}],"predecessor-version":[{"id":143,"href":"https:\/\/growthcommission.org\/sv\/wp-json\/wp\/v2\/pages\/139\/revisions\/143"}],"wp:attachment":[{"href":"https:\/\/growthcommission.org\/sv\/wp-json\/wp\/v2\/media?parent=139"}],"curies":[{"name":"wp","href":"https:\/\/api.w.org\/{rel}","templated":true}]}}