{"id":141,"date":"2021-03-03T22:38:09","date_gmt":"2021-03-03T22:38:09","guid":{"rendered":"https:\/\/growthcommission.org\/?page_id=141"},"modified":"2021-03-03T22:38:09","modified_gmt":"2021-03-03T22:38:09","slug":"allmanna-villkor","status":"publish","type":"page","link":"https:\/\/growthcommission.org\/sv\/allmanna-villkor\/","title":{"rendered":"Allm\u00e4nna villkor"},"content":{"rendered":"<h2>Villkor och ansvar<\/h2>\n<div class=\"wp-block-image\"><\/div>\n<p>Growth Commission \u00e4r en kostnadsfri sida. Oavsett om du l\u00e4ser den engelska eller svenska versionen. Sidor, artiklar, bilder och inl\u00e4gg kan vara sponsrade av tredje part.<\/p>\n<p>Growth Commission f\u00f6rbeh\u00e5ller r\u00e4tten att \u00e4ndra i allm\u00e4nna villkor. N\u00e4r s\u00e5 \u00e4r fallet kommer den uppdaterade versionen att publiceras p\u00e5 hemsidan. Vi reserverar oss \u00e4ven f\u00f6r felskrivningar. Hemsidan anv\u00e4nder sig av cookies, vilket du kan l\u00e4sa mer om <a href=\"https:\/\/growthcommission.org\/sv\/cookies\/\">h\u00e4r<\/a>.<\/p>\n<p>F\u00f6r eventuella fr\u00e5gor kontakta contact@growthcommission.org<\/p>\n<p>&nbsp;<\/p>\n<p>&nbsp;<\/p>\n","protected":false},"excerpt":{"rendered":"<p>Villkor och ansvar Growth Commission \u00e4r en kostnadsfri sida. Oavsett om du l\u00e4ser den engelska eller svenska versionen. Sidor, artiklar, bilder och inl\u00e4gg kan vara sponsrade av tredje part. Growth&hellip; <\/p>\n","protected":false},"author":1,"featured_media":0,"parent":0,"menu_order":0,"comment_status":"closed","ping_status":"closed","template":"","meta":{"footnotes":""},"class_list":["post-141","page","type-page","status-publish","hentry"],"yoast_head":"<!-- This site is optimized with the Yoast SEO plugin v27.4 - https:\/\/yoast.com\/product\/yoast-seo-wordpress\/ -->\n<title>Allm\u00e4nna villkor - Growth Commission News Group<\/title>\n<meta name=\"description\" content=\"Allm\u00e4nna villkor f\u00f6r Growth Commission News Group. Hitta villkor &amp;ansvar samt kontaktuppgifter till redaktionen.\" \/>\n<meta name=\"robots\" content=\"index, follow, max-snippet:-1, max-image-preview:large, max-video-preview:-1\" \/>\n<link rel=\"canonical\" href=\"https:\/\/growthcommission.org\/sv\/allmanna-villkor\/\" \/>\n<meta property=\"og:locale\" content=\"sv_SE\" \/>\n<meta property=\"og:type\" content=\"article\" \/>\n<meta property=\"og:title\" content=\"Allm\u00e4nna villkor - Growth Commission News Group\" \/>\n<meta property=\"og:description\" content=\"Allm\u00e4nna villkor f\u00f6r Growth Commission News Group. Hitta villkor &amp;ansvar samt kontaktuppgifter till redaktionen.\" \/>\n<meta property=\"og:url\" content=\"https:\/\/growthcommission.org\/sv\/allmanna-villkor\/\" \/>\n<meta property=\"og:site_name\" content=\"Growth Commission\" \/>\n<meta name=\"twitter:card\" content=\"summary_large_image\" \/>\n<meta name=\"twitter:label1\" content=\"Ber\u00e4knad l\u00e4stid\" \/>\n\t<meta name=\"twitter:data1\" content=\"1 minut\" \/>\n<script type=\"application\/ld+json\" class=\"yoast-schema-graph\">{\"@context\":\"https:\\\/\\\/schema.org\",\"@graph\":[{\"@type\":\"WebPage\",\"@id\":\"https:\\\/\\\/growthcommission.org\\\/sv\\\/allmanna-villkor\\\/\",\"url\":\"https:\\\/\\\/growthcommission.org\\\/sv\\\/allmanna-villkor\\\/\",\"name\":\"Allm\u00e4nna villkor - Growth Commission News Group\",\"isPartOf\":{\"@id\":\"https:\\\/\\\/growthcommission.org\\\/sv\\\/#website\"},\"datePublished\":\"2021-03-03T22:38:09+00:00\",\"description\":\"Allm\u00e4nna villkor f\u00f6r Growth Commission News Group. Hitta villkor &ansvar samt kontaktuppgifter till redaktionen.\",\"breadcrumb\":{\"@id\":\"https:\\\/\\\/growthcommission.org\\\/sv\\\/allmanna-villkor\\\/#breadcrumb\"},\"inLanguage\":\"sv-SE\",\"potentialAction\":[{\"@type\":\"ReadAction\",\"target\":[\"https:\\\/\\\/growthcommission.org\\\/sv\\\/allmanna-villkor\\\/\"]}]},{\"@type\":\"BreadcrumbList\",\"@id\":\"https:\\\/\\\/growthcommission.org\\\/sv\\\/allmanna-villkor\\\/#breadcrumb\",\"itemListElement\":[{\"@type\":\"ListItem\",\"position\":1,\"name\":\"Home\",\"item\":\"https:\\\/\\\/growthcommission.org\\\/sv\\\/\"},{\"@type\":\"ListItem\",\"position\":2,\"name\":\"Allm\u00e4nna villkor\"}]},{\"@type\":\"WebSite\",\"@id\":\"https:\\\/\\\/growthcommission.org\\\/sv\\\/#website\",\"url\":\"https:\\\/\\\/growthcommission.org\\\/sv\\\/\",\"name\":\"Growth Commission\",\"description\":\"Latest News &amp; Top Stories\",\"potentialAction\":[{\"@type\":\"SearchAction\",\"target\":{\"@type\":\"EntryPoint\",\"urlTemplate\":\"https:\\\/\\\/growthcommission.org\\\/sv\\\/?s={search_term_string}\"},\"query-input\":{\"@type\":\"PropertyValueSpecification\",\"valueRequired\":true,\"valueName\":\"search_term_string\"}}],\"inLanguage\":\"sv-SE\"}]}<\/script>\n<!-- \/ Yoast SEO plugin. -->","yoast_head_json":{"title":"Allm\u00e4nna villkor - Growth Commission News Group","description":"Allm\u00e4nna villkor f\u00f6r Growth Commission News Group. Hitta villkor &ansvar samt kontaktuppgifter till redaktionen.","robots":{"index":"index","follow":"follow","max-snippet":"max-snippet:-1","max-image-preview":"max-image-preview:large","max-video-preview":"max-video-preview:-1"},"canonical":"https:\/\/growthcommission.org\/sv\/allmanna-villkor\/","og_locale":"sv_SE","og_type":"article","og_title":"Allm\u00e4nna villkor - Growth Commission News Group","og_description":"Allm\u00e4nna villkor f\u00f6r Growth Commission News Group. Hitta villkor &ansvar samt kontaktuppgifter till redaktionen.","og_url":"https:\/\/growthcommission.org\/sv\/allmanna-villkor\/","og_site_name":"Growth Commission","twitter_card":"summary_large_image","twitter_misc":{"Ber\u00e4knad l\u00e4stid":"1 minut"},"schema":{"@context":"https:\/\/schema.org","@graph":[{"@type":"WebPage","@id":"https:\/\/growthcommission.org\/sv\/allmanna-villkor\/","url":"https:\/\/growthcommission.org\/sv\/allmanna-villkor\/","name":"Allm\u00e4nna villkor - Growth Commission News Group","isPartOf":{"@id":"https:\/\/growthcommission.org\/sv\/#website"},"datePublished":"2021-03-03T22:38:09+00:00","description":"Allm\u00e4nna villkor f\u00f6r Growth Commission News Group. Hitta villkor &ansvar samt kontaktuppgifter till redaktionen.","breadcrumb":{"@id":"https:\/\/growthcommission.org\/sv\/allmanna-villkor\/#breadcrumb"},"inLanguage":"sv-SE","potentialAction":[{"@type":"ReadAction","target":["https:\/\/growthcommission.org\/sv\/allmanna-villkor\/"]}]},{"@type":"BreadcrumbList","@id":"https:\/\/growthcommission.org\/sv\/allmanna-villkor\/#breadcrumb","itemListElement":[{"@type":"ListItem","position":1,"name":"Home","item":"https:\/\/growthcommission.org\/sv\/"},{"@type":"ListItem","position":2,"name":"Allm\u00e4nna villkor"}]},{"@type":"WebSite","@id":"https:\/\/growthcommission.org\/sv\/#website","url":"https:\/\/growthcommission.org\/sv\/","name":"Growth Commission","description":"Latest News &amp; Top Stories","potentialAction":[{"@type":"SearchAction","target":{"@type":"EntryPoint","urlTemplate":"https:\/\/growthcommission.org\/sv\/?s={search_term_string}"},"query-input":{"@type":"PropertyValueSpecification","valueRequired":true,"valueName":"search_term_string"}}],"inLanguage":"sv-SE"}]}},"_links":{"self":[{"href":"https:\/\/growthcommission.org\/sv\/wp-json\/wp\/v2\/pages\/141","targetHints":{"allow":["GET"]}}],"collection":[{"href":"https:\/\/growthcommission.org\/sv\/wp-json\/wp\/v2\/pages"}],"about":[{"href":"https:\/\/growthcommission.org\/sv\/wp-json\/wp\/v2\/types\/page"}],"author":[{"embeddable":true,"href":"https:\/\/growthcommission.org\/sv\/wp-json\/wp\/v2\/users\/1"}],"replies":[{"embeddable":true,"href":"https:\/\/growthcommission.org\/sv\/wp-json\/wp\/v2\/comments?post=141"}],"version-history":[{"count":1,"href":"https:\/\/growthcommission.org\/sv\/wp-json\/wp\/v2\/pages\/141\/revisions"}],"predecessor-version":[{"id":142,"href":"https:\/\/growthcommission.org\/sv\/wp-json\/wp\/v2\/pages\/141\/revisions\/142"}],"wp:attachment":[{"href":"https:\/\/growthcommission.org\/sv\/wp-json\/wp\/v2\/media?parent=141"}],"curies":[{"name":"wp","href":"https:\/\/api.w.org\/{rel}","templated":true}]}}